{"id":3,"date":"2023-11-08T16:25:17","date_gmt":"2023-11-08T15:25:17","guid":{"rendered":"https:\/\/my-secret-garden.fr\/test\/\/?page_id=3"},"modified":"2024-04-02T23:30:11","modified_gmt":"2024-04-02T21:30:11","slug":"politique-de-confidentialite","status":"publish","type":"page","link":"https:\/\/my-secret-garden.fr\/test\/politique-de-confidentialite\/","title":{"rendered":"Politique de confidentialit\u00e9"},"content":{"rendered":"\r\n<h2 class=\"wp-block-heading\" style=\"text-align: center;\"><span style=\"font-family: 'book antiqua', palatino, serif; color: #a66565;\"><b>Politique de confidentialit\u00e9<\/b><\/span><\/h2>\r\n<p style=\"text-align: justify;\"><span style=\"font-weight: 400; font-family: 'book antiqua', palatino, serif;\">Le site web Secret Garden est d\u00e9tenu par My secret garden, qui est un contr\u00f4leur de donn\u00e9es de vos donn\u00e9es personnelles.<\/span><\/p>\r\n<p style=\"text-align: justify;\"><span style=\"font-weight: 400; font-family: 'book antiqua', palatino, serif;\">Nous avons adopt\u00e9 cette politique de confidentialit\u00e9, qui d\u00e9termine la mani\u00e8re dont nous traitons les informations collect\u00e9es par Secret Garden, qui fournit \u00e9galement les raisons pour lesquelles nous devons collecter certaines donn\u00e9es personnelles vous concernant. Par cons\u00e9quent, vous devez lire cette politique de confidentialit\u00e9 avant d&rsquo;utiliser le site web de Secret Garden.<\/span><\/p>\r\n<p style=\"text-align: justify;\"><span style=\"font-weight: 400; font-family: 'book antiqua', palatino, serif;\">Nous prenons soin de vos donn\u00e9es personnelles et nous nous engageons \u00e0 en garantir la confidentialit\u00e9 et la s\u00e9curit\u00e9.<\/span><\/p>\r\n<h3><span style=\"font-family: 'book antiqua', palatino, serif; color: #a66565;\"><b>Les informations personnelles que nous collectons :<\/b><\/span><\/h3>\r\n<p style=\"text-align: justify;\"><span style=\"font-weight: 400; font-family: 'book antiqua', palatino, serif;\">Lorsque vous visitez le Secret Garden, nous recueillons automatiquement certaines informations sur votre appareil, notamment des informations sur votre navigateur web, votre adresse IP, votre fuseau horaire et certains des cookies install\u00e9s sur votre appareil. En outre, lorsque vous naviguez sur le site, nous recueillons des informations sur les pages web ou les produits individuels que vous consultez, sur les sites web ou les termes de recherche qui vous ont renvoy\u00e9 au site et sur la mani\u00e8re dont vous interagissez avec le site. Nous d\u00e9signons ces informations collect\u00e9es automatiquement par le terme \u00ab\u00a0informations sur les appareils\u00a0\u00bb. En outre, nous pourrions collecter les donn\u00e9es personnelles que vous nous fournissez (y compris, mais sans s&rsquo;y limiter, le nom, le pr\u00e9nom, l&rsquo;adresse, les informations de paiement, etc.) lors de l&rsquo;inscription afin de pouvoir ex\u00e9cuter le contrat.<\/span><\/p>\r\n<h3 style=\"text-align: justify;\"><span style=\"font-family: 'book antiqua', palatino, serif; color: #a66565;\"><b>Pourquoi traitons-nous vos donn\u00e9es ?<\/b><\/span><\/h3>\r\n<p style=\"text-align: justify;\"><span style=\"font-weight: 400; font-family: 'book antiqua', palatino, serif;\">Notre priorit\u00e9 absolue est la s\u00e9curit\u00e9 des donn\u00e9es des clients et, \u00e0 ce titre, nous ne pouvons traiter que des donn\u00e9es minimales sur les utilisateurs, uniquement dans la mesure o\u00f9 cela est absolument n\u00e9cessaire pour maintenir le site web. Les informations collect\u00e9es automatiquement sont utilis\u00e9es uniquement pour identifier les cas potentiels d&rsquo;abus et \u00e9tablir des informations statistiques concernant l&rsquo;utilisation du site web. Ces informations statistiques ne sont pas autrement agr\u00e9g\u00e9es de mani\u00e8re \u00e0 identifier un utilisateur particulier du syst\u00e8me.<\/span><\/p>\r\n<p style=\"text-align: justify;\"><span style=\"font-weight: 400; font-family: 'book antiqua', palatino, serif;\">Vous pouvez visiter le site web sans nous dire qui vous \u00eates ni r\u00e9v\u00e9ler d&rsquo;informations, par lesquelles quelqu&rsquo;un pourrait vous identifier comme un individu sp\u00e9cifique et identifiable. Toutefois, si vous souhaitez utiliser certaines fonctionnalit\u00e9s du site web, ou si vous souhaitez recevoir notre lettre d&rsquo;information ou fournir d&rsquo;autres d\u00e9tails en remplissant un formulaire, vous pouvez nous fournir des donn\u00e9es personnelles, telles que votre e-mail, votre pr\u00e9nom, votre nom, votre ville de r\u00e9sidence, votre organisation, votre num\u00e9ro de t\u00e9l\u00e9phone. Vous pouvez choisir de ne pas nous fournir vos donn\u00e9es personnelles, mais il se peut alors que vous ne puissiez pas profiter de certaines fonctionnalit\u00e9s du site web. Par exemple, vous ne pourrez pas recevoir notre bulletin d&rsquo;information ou nous contacter directement \u00e0 partir du site web. Les utilisateurs qui ne savent pas quelles informations sont obligatoires sont invit\u00e9s \u00e0 nous contacter via ange@my-secret-garden.fr.<\/span><\/p>\r\n<h3 style=\"text-align: justify;\"><span style=\"font-family: 'book antiqua', palatino, serif; color: #a66565;\"><b>Vos droits :<\/b><\/span><\/h3>\r\n<p style=\"text-align: justify;\"><span style=\"font-weight: 400; font-family: 'book antiqua', palatino, serif;\">Si vous \u00eates un r\u00e9sident europ\u00e9en, vous disposez des droits suivants li\u00e9s \u00e0 vos donn\u00e9es personnelles :<\/span><\/p>\r\n<ul style=\"text-align: justify;\">\r\n<li style=\"font-weight: 400;\" aria-level=\"1\"><span style=\"font-weight: 400; font-family: 'book antiqua', palatino, serif;\">Le droit d&rsquo;\u00eatre inform\u00e9.<\/span><\/li>\r\n<li style=\"font-weight: 400;\" aria-level=\"1\"><span style=\"font-weight: 400; font-family: 'book antiqua', palatino, serif;\">Le droit d&rsquo;acc\u00e8s.<\/span><\/li>\r\n<li style=\"font-weight: 400;\" aria-level=\"1\"><span style=\"font-weight: 400; font-family: 'book antiqua', palatino, serif;\">Le droit de rectification.<\/span><\/li>\r\n<li style=\"font-weight: 400;\" aria-level=\"1\"><span style=\"font-weight: 400; font-family: 'book antiqua', palatino, serif;\">Le droit \u00e0 l&rsquo;effacement.<\/span><\/li>\r\n<li style=\"font-weight: 400;\" aria-level=\"1\"><span style=\"font-weight: 400; font-family: 'book antiqua', palatino, serif;\">Le droit de restreindre le traitement.<\/span><\/li>\r\n<li style=\"font-weight: 400;\" aria-level=\"1\"><span style=\"font-weight: 400; font-family: 'book antiqua', palatino, serif;\">Le droit \u00e0 la portabilit\u00e9 des donn\u00e9es.<\/span><\/li>\r\n<li style=\"font-weight: 400;\" aria-level=\"1\"><span style=\"font-weight: 400; font-family: 'book antiqua', palatino, serif;\">Le droit d&rsquo;opposition.<\/span><\/li>\r\n<li style=\"font-weight: 400;\" aria-level=\"1\"><span style=\"font-weight: 400; font-family: 'book antiqua', palatino, serif;\">Les droits relatifs \u00e0 la prise de d\u00e9cision automatis\u00e9e et au profilage.<\/span><\/li>\r\n<\/ul>\r\n<p style=\"text-align: justify;\"><span style=\"font-weight: 400; font-family: 'book antiqua', palatino, serif;\">Si vous souhaitez exercer ce droit, veuillez nous contacter via les coordonn\u00e9es ci-dessous.<\/span><\/p>\r\n<p style=\"text-align: justify;\"><span style=\"font-weight: 400; font-family: 'book antiqua', palatino, serif;\">En outre, si vous \u00eates un r\u00e9sident europ\u00e9en, nous notons que nous traitons vos informations afin d&rsquo;ex\u00e9cuter les contrats que nous pourrions avoir avec vous (par exemple, si vous passez une commande par le biais du site), ou autrement pour poursuivre nos int\u00e9r\u00eats commerciaux l\u00e9gitimes \u00e9num\u00e9r\u00e9s ci-dessus. En outre, veuillez noter que vos informations pourraient \u00eatre transf\u00e9r\u00e9es en dehors de l&rsquo;Europe, y compris au Canada et aux \u00c9tats-Unis.<\/span><\/p>\r\n<h3 style=\"text-align: justify;\"><span style=\"font-family: 'book antiqua', palatino, serif; color: #a66565;\"><b>Liens vers d&rsquo;autres sites web :<\/b><\/span><\/h3>\r\n<p style=\"text-align: justify;\"><span style=\"font-weight: 400; font-family: 'book antiqua', palatino, serif;\">Notre site web peut contenir des liens vers d&rsquo;autres sites web qui ne sont pas d\u00e9tenus ou contr\u00f4l\u00e9s par nous. Sachez que nous ne sommes pas responsables de ces autres sites web ou des pratiques de confidentialit\u00e9 des tiers. Nous vous encourageons \u00e0 \u00eatre attentif lorsque vous quittez notre site web et \u00e0 lire les d\u00e9clarations de confidentialit\u00e9 de chaque site web susceptible de collecter des informations personnelles.<\/span><\/p>\r\n<h3 style=\"text-align: justify;\"><span style=\"font-family: 'book antiqua', palatino, serif; color: #a66565;\"><b>S\u00e9curit\u00e9 de l&rsquo;information :<\/b><\/span><\/h3>\r\n<p style=\"text-align: justify;\"><span style=\"font-weight: 400; font-family: 'book antiqua', palatino, serif;\">Nous s\u00e9curisons les informations que vous fournissez sur des serveurs informatiques dans un environnement contr\u00f4l\u00e9 et s\u00e9curis\u00e9, prot\u00e9g\u00e9 contre tout acc\u00e8s, utilisation ou divulgation non autoris\u00e9s. Nous conservons des garanties administratives, techniques et physiques raisonnables pour nous prot\u00e9ger contre tout acc\u00e8s, utilisation, modification et divulgation non autoris\u00e9s des donn\u00e9es personnelles sous son contr\u00f4le et sa garde. Toutefois, aucune transmission de donn\u00e9es sur Internet ou sur un r\u00e9seau sans fil ne peut \u00eatre garantie.<\/span><\/p>\r\n<h3 style=\"text-align: justify;\"><span style=\"font-family: 'book antiqua', palatino, serif; color: #a66565;\"><b>Divulgation l\u00e9gale :<\/b><\/span><\/h3>\r\n<p style=\"text-align: justify;\"><span style=\"font-weight: 400; font-family: 'book antiqua', palatino, serif;\">Nous divulguerons toute information que nous collectons, utilisons ou recevons si la loi l&rsquo;exige ou l&rsquo;autorise, par exemple pour nous conformer \u00e0 une citation \u00e0 compara\u00eetre ou \u00e0 une proc\u00e9dure judiciaire similaire, et lorsque nous pensons de bonne foi que la divulgation est n\u00e9cessaire pour prot\u00e9ger nos droits, votre s\u00e9curit\u00e9 ou celle d&rsquo;autrui, enqu\u00eater sur une fraude ou r\u00e9pondre \u00e0 une demande du gouvernement.<\/span><\/p>\r\n<h3 style=\"text-align: justify;\"><span style=\"font-family: 'book antiqua', palatino, serif; color: #a66565;\"><b>Informations de contact :<\/b><\/span><\/h3>\r\n<p style=\"text-align: justify;\"><span style=\"font-weight: 400; font-family: 'book antiqua', palatino, serif;\">Si vous souhaitez nous contacter pour comprendre davantage la pr\u00e9sente politique ou si vous souhaitez nous contacter concernant toute question relative aux droits individuels et \u00e0 vos informations personnelles, vous pouvez envoyer un courriel \u00e0 ange@my-secret-garden.fr<\/span><\/p>\r\n<p><span style=\"font-family: 'book antiqua', palatino, serif;\">\r\n\r\n<\/span><\/p>\r\n<h3 class=\"wp-block-heading\" style=\"text-align: justify;\"><span style=\"color: #a66565;\"><strong><span style=\"font-family: 'book antiqua', palatino, serif;\">Commentaires :<\/span><\/strong><\/span><\/h3>\r\n<p><span style=\"font-family: 'book antiqua', palatino, serif;\">\r\n\r\n<\/span><\/p>\r\n<p style=\"text-align: justify;\"><span style=\"font-family: 'book antiqua', palatino, serif;\">Quand vous laissez un commentaire sur notre site, les donn\u00e9es inscrites dans le formulaire de commentaire, ainsi que votre adresse IP et l\u2019agent utilisateur de votre navigateur sont collect\u00e9s pour nous aider \u00e0 la d\u00e9tection des commentaires ind\u00e9sirables.<\/span><\/p>\r\n<p><span style=\"font-family: 'book antiqua', palatino, serif;\">\r\n\r\n<\/span><\/p>\r\n<p style=\"text-align: justify;\"><span style=\"font-family: 'book antiqua', palatino, serif;\">Une cha\u00eene anonymis\u00e9e cr\u00e9\u00e9e \u00e0 partir de votre adresse e-mail (\u00e9galement appel\u00e9e hash) peut \u00eatre envoy\u00e9e au service Gravatar pour v\u00e9rifier si vous utilisez ce dernier. Les clauses de confidentialit\u00e9 du service Gravatar sont disponibles ici\u00a0: https:\/\/automattic.com\/privacy\/. Apr\u00e8s validation de votre commentaire, votre photo de profil sera visible publiquement \u00e0 cot\u00e9 de votre commentaire.<\/span><\/p>\r\n<p><span style=\"font-family: 'book antiqua', palatino, serif;\">\r\n\r\n<\/span><\/p>\r\n<h3 class=\"wp-block-heading\" style=\"text-align: justify;\"><span style=\"color: #a66565;\"><strong><span style=\"font-family: 'book antiqua', palatino, serif;\">M\u00e9dias :<\/span><\/strong><\/span><\/h3>\r\n<p><span style=\"font-family: 'book antiqua', palatino, serif;\">\r\n\r\n<\/span><\/p>\r\n<p style=\"text-align: justify;\"><span style=\"font-family: 'book antiqua', palatino, serif;\">Si vous t\u00e9l\u00e9versez des images sur le site, nous vous conseillons d\u2019\u00e9viter de t\u00e9l\u00e9verser des images contenant des donn\u00e9es EXIF de coordonn\u00e9es GPS. Les personnes visitant votre site peuvent t\u00e9l\u00e9charger et extraire des donn\u00e9es de localisation depuis ces images.<\/span><\/p>\r\n<p><span style=\"font-family: 'book antiqua', palatino, serif;\">\r\n\r\n<\/span><\/p>\r\n<h3 class=\"wp-block-heading\" style=\"text-align: justify;\"><span style=\"color: #a66565;\"><strong><span style=\"font-family: 'book antiqua', palatino, serif;\">Cookies :<\/span><\/strong><\/span><\/h3>\r\n<p><span style=\"font-family: 'book antiqua', palatino, serif;\">\r\n\r\n<\/span><\/p>\r\n<p style=\"text-align: justify;\"><span style=\"font-family: 'book antiqua', palatino, serif;\">Si vous d\u00e9posez un commentaire sur notre site, il vous sera propos\u00e9 d\u2019enregistrer votre nom, adresse e-mail et site dans des cookies. C\u2019est uniquement pour votre confort afin de ne pas avoir \u00e0 saisir ces informations si vous d\u00e9posez un autre commentaire plus tard. Ces cookies expirent au bout d\u2019un an.<\/span><\/p>\r\n<p><span style=\"font-family: 'book antiqua', palatino, serif;\">\r\n\r\n<\/span><\/p>\r\n<p style=\"text-align: justify;\"><span style=\"font-family: 'book antiqua', palatino, serif;\">Si vous vous rendez sur la page de connexion, un cookie temporaire sera cr\u00e9\u00e9 afin de d\u00e9terminer si votre navigateur accepte les cookies. Il ne contient pas de donn\u00e9es personnelles et sera supprim\u00e9 automatiquement \u00e0 la fermeture de votre navigateur.<\/span><\/p>\r\n<p><span style=\"font-family: 'book antiqua', palatino, serif;\">\r\n\r\n<\/span><\/p>\r\n<p style=\"text-align: justify;\"><span style=\"font-family: 'book antiqua', palatino, serif;\">Lorsque vous vous connecterez, nous mettrons en place un certain nombre de cookies pour enregistrer vos informations de connexion et vos pr\u00e9f\u00e9rences d\u2019\u00e9cran. La dur\u00e9e de vie d\u2019un cookie de connexion est de deux jours, celle d\u2019un cookie d\u2019option d\u2019\u00e9cran est d\u2019un an. Si vous cochez \u00ab\u00a0Se souvenir de moi\u00a0\u00bb, votre cookie de connexion sera conserv\u00e9 pendant deux semaines. Si vous vous d\u00e9connectez de votre compte, le cookie de connexion sera effac\u00e9.<\/span><\/p>\r\n<p><span style=\"font-family: 'book antiqua', palatino, serif;\">\r\n\r\n<\/span><\/p>\r\n<p style=\"text-align: justify;\"><span style=\"font-family: 'book antiqua', palatino, serif;\">En modifiant ou en publiant une publication, un cookie suppl\u00e9mentaire sera enregistr\u00e9 dans votre navigateur. Ce cookie ne comprend aucune donn\u00e9e personnelle. Il indique simplement l\u2019ID de la publication que vous venez de modifier. Il expire au bout d\u2019un jour.<\/span><\/p>\r\n<p><span style=\"font-family: 'book antiqua', palatino, serif;\">\r\n\r\n<\/span><\/p>\r\n<h3 class=\"wp-block-heading\" style=\"text-align: justify;\"><strong><span style=\"font-family: 'book antiqua', palatino, serif; color: #a66565;\">Contenu embarqu\u00e9 depuis d\u2019autres sites :<\/span><\/strong><\/h3>\r\n<p><span style=\"font-family: 'book antiqua', palatino, serif;\">\r\n\r\n<\/span><\/p>\r\n<p style=\"text-align: justify;\"><span style=\"font-family: 'book antiqua', palatino, serif;\">Les articles de ce site peuvent inclure des contenus int\u00e9gr\u00e9s (par exemple des vid\u00e9os, images, articles\u2026). Le contenu int\u00e9gr\u00e9 depuis d\u2019autres sites se comporte de la m\u00eame mani\u00e8re que si le visiteur se rendait sur cet autre site.<\/span><\/p>\r\n<p><span style=\"font-family: 'book antiqua', palatino, serif;\">\r\n\r\n<\/span><\/p>\r\n<p style=\"text-align: justify;\"><span style=\"font-family: 'book antiqua', palatino, serif;\">Ces sites web pourraient collecter des donn\u00e9es sur vous, utiliser des cookies, embarquer des outils de suivis tiers, suivre vos interactions avec ces contenus embarqu\u00e9s si vous disposez d\u2019un compte connect\u00e9 sur leur site web.<\/span><\/p>\r\n<p><span style=\"font-family: 'book antiqua', palatino, serif;\">\r\n\r\n<\/span><\/p>\r\n<h3 class=\"wp-block-heading\" style=\"text-align: justify;\"><strong><span style=\"font-family: 'book antiqua', palatino, serif; color: #a66565;\">Utilisation et transmission de vos donn\u00e9es personnelles :<\/span><\/strong><\/h3>\r\n<p><span style=\"font-family: 'book antiqua', palatino, serif;\">\r\n\r\n<\/span><\/p>\r\n<p style=\"text-align: justify;\"><span style=\"font-family: 'book antiqua', palatino, serif;\">Si vous demandez une r\u00e9initialisation de votre mot de passe, votre adresse IP sera incluse dans l\u2019e-mail de r\u00e9initialisation.<\/span><\/p>\r\n<p><span style=\"font-family: 'book antiqua', palatino, serif;\">\r\n\r\n<\/span><\/p>\r\n<h3 class=\"wp-block-heading\" style=\"text-align: justify;\"><strong><span style=\"font-family: 'book antiqua', palatino, serif; color: #a66565;\">Dur\u00e9es de stockage de vos donn\u00e9es :<\/span><\/strong><\/h3>\r\n<p><span style=\"font-family: 'book antiqua', palatino, serif;\">\r\n\r\n<\/span><\/p>\r\n<p style=\"text-align: justify;\"><span style=\"font-family: 'book antiqua', palatino, serif;\">Si vous laissez un commentaire, le commentaire et ses m\u00e9tadonn\u00e9es sont conserv\u00e9s ind\u00e9finiment. Cela permet de reconna\u00eetre et approuver automatiquement les commentaires suivants au lieu de les laisser dans la file de mod\u00e9ration.<\/span><\/p>\r\n<p><span style=\"font-family: 'book antiqua', palatino, serif;\">\r\n\r\n<\/span><\/p>\r\n<p style=\"text-align: justify;\"><span style=\"font-family: 'book antiqua', palatino, serif;\">Pour les comptes qui s\u2019inscrivent sur notre site (le cas \u00e9ch\u00e9ant), nous stockons \u00e9galement les donn\u00e9es personnelles indiqu\u00e9es dans leur profil. Tous les comptes peuvent voir, modifier ou supprimer leurs informations personnelles \u00e0 tout moment (\u00e0 l\u2019exception de leur identifiant). Les gestionnaires du site peuvent aussi voir et modifier ces informations.<\/span><\/p>\r\n<p><span style=\"font-family: 'book antiqua', palatino, serif;\">\r\n\r\n<\/span><\/p>\r\n<h3 class=\"wp-block-heading\" style=\"text-align: justify;\"><strong><span style=\"font-family: 'book antiqua', palatino, serif; color: #a66565;\">Les droits que vous avez sur vos donn\u00e9es :<\/span><\/strong><\/h3>\r\n<p><span style=\"font-family: 'book antiqua', palatino, serif;\">\r\n\r\n<\/span><\/p>\r\n<p style=\"text-align: justify;\"><span style=\"font-family: 'book antiqua', palatino, serif;\">Si vous avez un compte ou si vous avez laiss\u00e9 des commentaires sur le site, vous pouvez demander \u00e0 recevoir un fichier contenant toutes les donn\u00e9es personnelles que nous poss\u00e9dons \u00e0 votre sujet, incluant celles que vous nous avez fournies. Vous pouvez \u00e9galement demander la suppression des donn\u00e9es personnelles vous concernant. Cela ne prend pas en compte les donn\u00e9es stock\u00e9es \u00e0 des fins administratives, l\u00e9gales ou pour des raisons de s\u00e9curit\u00e9.<\/span><\/p>\r\n<p><span style=\"font-family: 'book antiqua', palatino, serif;\">\r\n\r\n<\/span><\/p>\r\n<h3 class=\"wp-block-heading\" style=\"text-align: justify;\"><span style=\"color: #a66565;\"><strong><span style=\"font-family: 'book antiqua', palatino, serif;\">O\u00f9 vos donn\u00e9es sont envoy\u00e9es :<\/span><\/strong><\/span><\/h3>\r\n<p><span style=\"font-family: 'book antiqua', palatino, serif;\">\r\n\r\n<\/span><\/p>\r\n<p style=\"text-align: justify;\"><span style=\"font-family: 'book antiqua', palatino, serif;\">Les commentaires des visiteurs peuvent \u00eatre v\u00e9rifi\u00e9s \u00e0 l\u2019aide d\u2019un service automatis\u00e9 de d\u00e9tection des commentaires ind\u00e9sirables.<\/span><\/p>\r\n","protected":false},"excerpt":{"rendered":"<p>Politique de confidentialit\u00e9 Le site web Secret Garden est d\u00e9tenu par My secret garden, qui est un contr\u00f4leur de donn\u00e9es de vos donn\u00e9es personnelles. Nous avons adopt\u00e9 cette politique de confidentialit\u00e9, qui d\u00e9termine la mani\u00e8re dont nous traitons les informations collect\u00e9es par Secret Garden, qui fournit \u00e9galement les raisons pour lesquelles nous devons collecter certaines &hellip; <\/p>\n","protected":false},"author":1,"featured_media":0,"parent":0,"menu_order":0,"comment_status":"closed","ping_status":"open","template":"","meta":{"give_campaign_id":0,"_uag_custom_page_level_css":"","jetpack_post_was_ever_published":false,"iawp_total_views":0,"footnotes":""},"class_list":["post-3","page","type-page","status-publish","hentry"],"aioseo_notices":[],"campaignId":"","uagb_featured_image_src":{"full":false,"thumbnail":false,"medium":false,"medium_large":false,"large":false,"post-slider-thumb-size":false,"post-category-slider-size":false,"1536x1536":false,"2048x2048":false,"blossom-fashion-slider":false,"blossom-fashion-featured":false,"blossom-fashion-with-sidebar":false,"blossom-fashion-fullwidth":false,"blossom-fashion-blog-home":false,"blossom-fashion-blog-archive":false,"blossom-fashion-related":false,"blossom-fashion-popular":false,"blossom-fashion-schema":false,"blossom-fashion-shop":false,"woocommerce_thumbnail":false,"woocommerce_single":false,"woocommerce_gallery_thumbnail":false,"lws_wr_thumbnail":false,"lws_wr_thumbnail_small":false},"uagb_author_info":{"display_name":"Ange","author_link":"https:\/\/my-secret-garden.fr\/test\/author\/ange\/"},"uagb_comment_info":0,"uagb_excerpt":"Politique de confidentialit\u00e9 Le site web Secret Garden est d\u00e9tenu par My secret garden, qui est un contr\u00f4leur de donn\u00e9es de vos donn\u00e9es personnelles. Nous avons adopt\u00e9 cette politique de confidentialit\u00e9, qui d\u00e9termine la mani\u00e8re dont nous traitons les informations collect\u00e9es par Secret Garden, qui fournit \u00e9galement les raisons pour lesquelles nous devons collecter certaines\u2026","jetpack-related-posts":[{"id":789,"url":"https:\/\/my-secret-garden.fr\/test\/mentions-legales\/","url_meta":{"origin":3,"position":0},"title":"Mentions L\u00e9gales","author":"Ange","date":"2 avril 2024","format":false,"excerpt":"Mentions L\u00e9gales \u00a0 Conform\u00e9ment aux dispositions de la loi n\u00b0 2004-575 du 21 juin 2004 pour la confiance en l'\u00e9conomie num\u00e9rique, il est pr\u00e9cis\u00e9 aux utilisateurs du site My secret garden l'identit\u00e9 des diff\u00e9rents intervenants dans le cadre de sa r\u00e9alisation et de son suivi. \u00c9dition du site : Le\u2026","rel":"","context":"Article similaire","block_context":{"text":"Article similaire","link":""},"img":{"alt_text":"","src":"","width":0,"height":0},"classes":[]},{"id":1185,"url":"https:\/\/my-secret-garden.fr\/test\/le-don-a-echoue\/","url_meta":{"origin":3,"position":1},"title":"Le don a \u00e9chou\u00e9","author":"Ange","date":"20 mai 2024","format":false,"excerpt":"Nous sommes d\u00e9sol\u00e9s, mais votre transaction a \u00e9chou\u00e9. Veuillez essayer \u00e0 nouveau ou contacter l\u2019assistance du site.","rel":"","context":"Article similaire","block_context":{"text":"Article similaire","link":""},"img":{"alt_text":"","src":"","width":0,"height":0},"classes":[]},{"id":7,"url":"https:\/\/my-secret-garden.fr\/test\/shop\/","url_meta":{"origin":3,"position":2},"title":"Boutique","author":"Ange","date":"6 mars 2024","format":false,"excerpt":"","rel":"","context":"Article similaire","block_context":{"text":"Article similaire","link":""},"img":{"alt_text":"","src":"","width":0,"height":0},"classes":[]},{"id":83,"url":"https:\/\/my-secret-garden.fr\/test\/logout\/","url_meta":{"origin":3,"position":3},"title":"D\u00e9connexion","author":"Ange","date":"6 mars 2024","format":false,"excerpt":"","rel":"","context":"Article similaire","block_context":{"text":"Article similaire","link":""},"img":{"alt_text":"","src":"","width":0,"height":0},"classes":[]},{"id":90,"url":"https:\/\/my-secret-garden.fr\/test\/blog\/","url_meta":{"origin":3,"position":4},"title":"Blog","author":"Ange","date":"6 mars 2024","format":false,"excerpt":"","rel":"","context":"Article similaire","block_context":{"text":"Article similaire","link":""},"img":{"alt_text":"","src":"","width":0,"height":0},"classes":[]},{"id":1181,"url":"https:\/\/my-secret-garden.fr\/test\/login\/","url_meta":{"origin":3,"position":5},"title":"Se connecter","author":"Ange","date":"19 mai 2024","format":false,"excerpt":"[pmpro_login]","rel":"","context":"Article similaire","block_context":{"text":"Article similaire","link":""},"img":{"alt_text":"","src":"","width":0,"height":0},"classes":[]}],"jetpack_sharing_enabled":true,"_links":{"self":[{"href":"https:\/\/my-secret-garden.fr\/test\/wp-json\/wp\/v2\/pages\/3","targetHints":{"allow":["GET"]}}],"collection":[{"href":"https:\/\/my-secret-garden.fr\/test\/wp-json\/wp\/v2\/pages"}],"about":[{"href":"https:\/\/my-secret-garden.fr\/test\/wp-json\/wp\/v2\/types\/page"}],"author":[{"embeddable":true,"href":"https:\/\/my-secret-garden.fr\/test\/wp-json\/wp\/v2\/users\/1"}],"replies":[{"embeddable":true,"href":"https:\/\/my-secret-garden.fr\/test\/wp-json\/wp\/v2\/comments?post=3"}],"version-history":[{"count":2,"href":"https:\/\/my-secret-garden.fr\/test\/wp-json\/wp\/v2\/pages\/3\/revisions"}],"predecessor-version":[{"id":788,"href":"https:\/\/my-secret-garden.fr\/test\/wp-json\/wp\/v2\/pages\/3\/revisions\/788"}],"wp:attachment":[{"href":"https:\/\/my-secret-garden.fr\/test\/wp-json\/wp\/v2\/media?parent=3"}],"curies":[{"name":"wp","href":"https:\/\/api.w.org\/{rel}","templated":true}]}}