{"id":89,"date":"2024-03-06T17:23:09","date_gmt":"2024-03-06T16:23:09","guid":{"rendered":"https:\/\/my-secret-garden.fr\/test\/\/front_page\/"},"modified":"2026-04-22T11:38:56","modified_gmt":"2026-04-22T09:38:56","slug":"front_page","status":"publish","type":"page","link":"https:\/\/my-secret-garden.fr\/test\/","title":{"rendered":"The Art Of Love"},"content":{"rendered":"<h1 style=\"text-align: center;\"><span style=\"color: #a66565; font-family: 'book antiqua', palatino;\">L&rsquo;histoire de Secret Garden<\/span><\/h1>\n<h2 style=\"text-align: center;\"><span style=\"font-family: 'book antiqua', palatino; color: #808080;\"><strong>The Art Of Love<\/strong><\/span><\/h2>\n<p style=\"text-align: center;\">\n<h3 style=\"text-align: center;\"><span style=\"color: #5c5a5a;\"><strong><em><span style=\"font-family: 'book antiqua', palatino, serif;\"><span class=\"color_39\">Une exp\u00e9rience unique en son genre<\/span><\/span><\/em><\/strong><\/span><\/h3>\n<p class=\"font_9\" style=\"text-align: center;\"><span style=\"color: #999999; font-size: 14pt;\"><em><span style=\"font-family: 'book antiqua', palatino, serif;\"><span class=\"color_38\">Une id\u00e9e qui a vu le jour durant l&rsquo;\u00e9criture d&rsquo;un roman. (Je te retrouverai, mon inconnue) <\/span><\/span><\/em><\/span><\/p>\n<p class=\"font_9\" style=\"text-align: center;\"><span style=\"color: #999999; font-size: 14pt;\"><em><span style=\"font-family: 'book antiqua', palatino, serif;\"><span class=\"color_38\">\u00c0 la base, dans le roman, il s&rsquo;agissait d&rsquo;un site de rencontre pas comme les autres. En effet, dans celui-ci, on ne se focalisait pas seulement sur l&rsquo;aspect \u00ab\u00a0faire connaissance\u00a0\u00bb mais \u00e9galement de la premi\u00e8re rencontre et de l&rsquo;entretien de la relation de couple.<\/span><\/span><\/em><\/span><\/p>\n<p class=\"font_9\" style=\"text-align: center;\"><span style=\"color: #999999; font-size: 14pt;\"><em><span style=\"font-family: 'book antiqua', palatino, serif;\"><span class=\"color_38\">Romantique \u00e0 souhait, je souhaitais apporter des nouvelles id\u00e9es, une approche originale afin de permettre \u00e0 ceux qui s&rsquo;aiment, de sortir de leur routine et de pr\u00e9server ce qui leur est cher.<\/span><\/span><\/em><\/span><\/p>\n<p class=\"font_9\" style=\"text-align: center;\"><span style=\"color: #999999; font-size: 14pt;\"><em><span style=\"font-family: 'book antiqua', palatino, serif;\"><span class=\"color_38\">Ici, je vous inspirerais du mieux que je peux, pour vous apporter ce dont vous avez envie et besoin \u00e0 travers des conseils, de la vente de produits, de prestation adapt\u00e9s \u00e0 vos d\u00e9sirs tout en s&rsquo;adaptant \u00e0 votre budget.<\/span><\/span><\/em><\/span><\/p>\n<p class=\"font_9\" style=\"text-align: center;\"><span style=\"color: #999999; font-size: 14pt;\"><em><span style=\"font-family: 'book antiqua', palatino, serif;\"><span class=\"color_38\">L&rsquo;amour est la plus belle chose qui soit, prenez en soin.<\/span><\/span><\/em><\/span><\/p>\n<p>&nbsp;<\/p>\n<hr \/>\n<h3><\/h3>\n<p>&nbsp;<\/p>\n<h2 style=\"text-align: center;\"><span style=\"font-family: 'book antiqua', palatino, serif; color: #a66565;\">Le Blog<\/span><\/h2>\n<h3 style=\"text-align: center;\"><span style=\"color: #5c5a5a;\"><strong><em><span style=\"font-family: 'book antiqua', palatino, serif;\"><span class=\"color_39\">Rythme des sorties des Chapitres<\/span><\/span><\/em><\/strong><\/span><\/h3>\n<p style=\"text-align: center;\"><span style=\"color: #999999; font-size: 14pt;\"><em><span style=\"font-family: 'book antiqua', palatino, serif;\"><span class=\"color_38\">En ce qui concerne la sortie des \u00e9crits \u00ab\u00a0R\u00e9cits\u00a0\u00bb et \u00ab\u00a0Romans\u00a0\u00bb, je m&rsquo;engage \u00e0 d\u00e9buter par un Chapitre par semaine minimum. <\/span><\/span><\/em><\/span><\/p>\n<p style=\"text-align: center;\"><span style=\"color: #999999; font-size: 14pt;\"><em><span style=\"font-family: 'book antiqua', palatino, serif;\"><span class=\"color_38\">Vous attendez une suite en particulier ? N&rsquo;h\u00e9sitez pas \u00e0 voter pour la suite que vous d\u00e9sirez sur le questionnaire d\u00e9di\u00e9. Cela me permettra de savoir \u00e0 quel roman donner la priorit\u00e9.<\/span><\/span><\/em><\/span><\/p>\n<p style=\"text-align: center;\"><span style=\"color: #999999; font-size: 14pt;\"><em><span style=\"font-family: 'book antiqua', palatino, serif;\"><span class=\"color_38\">Comme pour tous les auteurs, les retours des lecteurs sont une source de motivation. C&rsquo;est gr\u00e2ce \u00e0 votre participation que nous nous am\u00e9liorons et que nous acqu\u00e9rons, au fil du temps, confiance en nous et en nos \u00e9crits.<\/span><\/span><\/em><\/span><\/p>\n<p style=\"text-align: center;\"><span style=\"color: #999999; font-size: 14pt;\"><em><span style=\"font-family: 'book antiqua', palatino, serif;\"><span class=\"color_38\">Si vous souhaitez soutenir mon travail et booster les sorties, je vous invite \u00e0 noter et commenter les Chapitres au fil de vos lectures. Bons ou mauvais, toutes les remarques sont bonnes \u00e0 prendre afin de pouvoir vous offrir des \u00e9crits \u00e0 la hauteur de vos attentes.<\/span><\/span><\/em><\/span><\/p>\n<p style=\"text-align: center;\"><span style=\"color: #999999; font-size: 14pt;\"><em><span style=\"font-family: 'book antiqua', palatino, serif;\"><span class=\"color_38\">Je vous remercie d&rsquo;avance pour votre aide et votre soutien !<\/span><\/span><\/em><\/span><\/p>\n<p>&nbsp;<\/p>\n<hr \/>\n<p>&nbsp;<\/p>\n<h2 style=\"text-align: center;\"><span style=\"font-family: 'book antiqua', palatino, serif; color: #a66565;\">La Boutique<\/span><\/h2>\n<h3 style=\"text-align: center;\"><span style=\"color: #5c5a5a;\"><strong><em><span style=\"font-family: 'book antiqua', palatino, serif;\"><span class=\"color_39\">Cr\u00e9ation de la Boutique en ligne<\/span><\/span><\/em><\/strong><\/span><\/h3>\n<p style=\"text-align: center;\"><span style=\"color: #999999; font-size: 14pt;\"><em><span style=\"font-family: 'book antiqua', palatino, serif;\"><span class=\"color_38\">En attente de la constitution des stocks, la Boutique en ligne est actuellement en cours de cr\u00e9ation. <\/span><\/span><\/em><\/span><\/p>\n<p style=\"text-align: center;\"><span style=\"color: #999999; font-size: 14pt;\"><em><span style=\"font-family: 'book antiqua', palatino, serif;\"><span class=\"color_38\">Dans celle-ci, vous y trouverez divers produits destin\u00e9s aux couples qui souhaitent Entretenir la Flamme dans leur relation. <\/span><\/span><\/em><\/span><\/p>\n<p style=\"text-align: center;\"><span style=\"color: #999999; font-size: 14pt;\"><em><span style=\"font-family: 'book antiqua', palatino, serif;\"><span class=\"color_38\">Que se soient tenues de soir\u00e9es, tenues sensuelles, des d\u00e9corations pour cr\u00e9er diff\u00e9rentes ambiances, des accessoires pour pimenter votre relation, des livres personnalis\u00e9s, des r\u00e9cits personnalis\u00e9s, des services en fonction de vos besoins etc&#8230; <\/span><\/span><\/em><\/span><\/p>\n<p style=\"text-align: center;\"><span style=\"color: #999999; font-size: 14pt;\"><em><span style=\"font-family: 'book antiqua', palatino, serif;\"><span class=\"color_38\">Vous d\u00e9sirez quelque chose en particulier que vous ne trouvez pas dans notre Boutique, n&rsquo;h\u00e9sitez pas \u00e0 nous contacter afin que nous puissions voir ce que nous pourrions faire afin de satisfaire vos envies.<\/span><\/span><\/em><\/span><\/p>\n<p>&nbsp;<\/p>\n<hr \/>\n<p>&nbsp;<\/p>\n<p style=\"text-align: center;\">\n","protected":false},"excerpt":{"rendered":"<p>L&rsquo;histoire de Secret Garden The Art Of Love Une exp\u00e9rience unique en son genre Une id\u00e9e qui a vu le jour durant l&rsquo;\u00e9criture d&rsquo;un roman. (Je te retrouverai, mon inconnue) \u00c0 la base, dans le roman, il s&rsquo;agissait d&rsquo;un site de rencontre pas comme les autres. En effet, dans celui-ci, on ne se focalisait pas &hellip; <\/p>\n","protected":false},"author":1,"featured_media":0,"parent":0,"menu_order":0,"comment_status":"closed","ping_status":"closed","template":"","meta":{"give_campaign_id":0,"_uag_custom_page_level_css":"","jetpack_post_was_ever_published":false,"iawp_total_views":530,"footnotes":""},"class_list":["post-89","page","type-page","status-publish","hentry"],"aioseo_notices":[],"campaignId":"","uagb_featured_image_src":{"full":false,"thumbnail":false,"medium":false,"medium_large":false,"large":false,"post-slider-thumb-size":false,"post-category-slider-size":false,"1536x1536":false,"2048x2048":false,"blossom-fashion-slider":false,"blossom-fashion-featured":false,"blossom-fashion-with-sidebar":false,"blossom-fashion-fullwidth":false,"blossom-fashion-blog-home":false,"blossom-fashion-blog-archive":false,"blossom-fashion-related":false,"blossom-fashion-popular":false,"blossom-fashion-schema":false,"blossom-fashion-shop":false,"woocommerce_thumbnail":false,"woocommerce_single":false,"woocommerce_gallery_thumbnail":false,"lws_wr_thumbnail":false,"lws_wr_thumbnail_small":false},"uagb_author_info":{"display_name":"Ange","author_link":"https:\/\/my-secret-garden.fr\/test\/author\/ange\/"},"uagb_comment_info":0,"uagb_excerpt":"L&rsquo;histoire de Secret Garden The Art Of Love Une exp\u00e9rience unique en son genre Une id\u00e9e qui a vu le jour durant l&rsquo;\u00e9criture d&rsquo;un roman. (Je te retrouverai, mon inconnue) \u00c0 la base, dans le roman, il s&rsquo;agissait d&rsquo;un site de rencontre pas comme les autres. En effet, dans celui-ci, on ne se focalisait pas\u2026","jetpack-related-posts":[{"id":1191,"url":"https:\/\/my-secret-garden.fr\/test\/remerciements\/","url_meta":{"origin":89,"position":0},"title":"Remerciements","author":"Ange","date":"22 mai 2024","format":false,"excerpt":"Bonjour \u00e0 toutes et \u00e0 tous,\u00a0 \u00a0 Ce soir, je cr\u00e9e cette page afin de remercier chaque personne m'ayant soutenue de mes d\u00e9buts jusqu'\u00e0 aujourd'hui ainsi que toutes les celles qui me soutiendront \u00e0 l'avenir. Parce que c'est gr\u00e2ce \u00e0 vos encouragements que j'avance, donnant le meilleur de moi-m\u00eame afin\u2026","rel":"","context":"Article similaire","block_context":{"text":"Article similaire","link":""},"img":{"alt_text":"","src":"","width":0,"height":0},"classes":[]},{"id":1185,"url":"https:\/\/my-secret-garden.fr\/test\/le-don-a-echoue\/","url_meta":{"origin":89,"position":1},"title":"Le don a \u00e9chou\u00e9","author":"Ange","date":"20 mai 2024","format":false,"excerpt":"Nous sommes d\u00e9sol\u00e9s, mais votre transaction a \u00e9chou\u00e9. Veuillez essayer \u00e0 nouveau ou contacter l\u2019assistance du site.","rel":"","context":"Article similaire","block_context":{"text":"Article similaire","link":""},"img":{"alt_text":"","src":"","width":0,"height":0},"classes":[]},{"id":3,"url":"https:\/\/my-secret-garden.fr\/test\/politique-de-confidentialite\/","url_meta":{"origin":89,"position":2},"title":"Politique de confidentialit\u00e9","author":"Ange","date":"8 novembre 2023","format":false,"excerpt":"Politique de confidentialit\u00e9 Le site web Secret Garden est d\u00e9tenu par My secret garden, qui est un contr\u00f4leur de donn\u00e9es de vos donn\u00e9es personnelles. Nous avons adopt\u00e9 cette politique de confidentialit\u00e9, qui d\u00e9termine la mani\u00e8re dont nous traitons les informations collect\u00e9es par Secret Garden, qui fournit \u00e9galement les raisons pour\u2026","rel":"","context":"Article similaire","block_context":{"text":"Article similaire","link":""},"img":{"alt_text":"","src":"","width":0,"height":0},"classes":[]},{"id":727,"url":"https:\/\/my-secret-garden.fr\/test\/membres-vip\/","url_meta":{"origin":89,"position":3},"title":"Membres \u00ab\u00a0Plaisirs Partag\u00e9s\u00a0\u00bb","author":"Ange","date":"30 mars 2024","format":false,"excerpt":"Bonjour et bienvenue dans l'antre des plaisirs !\u00a0 Cet espace est strictement r\u00e9serv\u00e9 aux Membres \"Plaisirs partag\u00e9s\". Parce que nous ne souhaitons pas tout partager \u00e0 la vue de tous, nous avons d\u00e9cid\u00e9 de cr\u00e9er cet espace restreint afin de partager avec certains Membres \"Plaisirs Partag\u00e9s\", nos Plaisirs Secrets. Sur\u2026","rel":"","context":"Article similaire","block_context":{"text":"Article similaire","link":""},"img":{"alt_text":"","src":"","width":0,"height":0},"classes":[]},{"id":789,"url":"https:\/\/my-secret-garden.fr\/test\/mentions-legales\/","url_meta":{"origin":89,"position":4},"title":"Mentions L\u00e9gales","author":"Ange","date":"2 avril 2024","format":false,"excerpt":"Mentions L\u00e9gales \u00a0 Conform\u00e9ment aux dispositions de la loi n\u00b0 2004-575 du 21 juin 2004 pour la confiance en l'\u00e9conomie num\u00e9rique, il est pr\u00e9cis\u00e9 aux utilisateurs du site My secret garden l'identit\u00e9 des diff\u00e9rents intervenants dans le cadre de sa r\u00e9alisation et de son suivi. \u00c9dition du site : Le\u2026","rel":"","context":"Article similaire","block_context":{"text":"Article similaire","link":""},"img":{"alt_text":"","src":"","width":0,"height":0},"classes":[]}],"jetpack_sharing_enabled":true,"_links":{"self":[{"href":"https:\/\/my-secret-garden.fr\/test\/wp-json\/wp\/v2\/pages\/89","targetHints":{"allow":["GET"]}}],"collection":[{"href":"https:\/\/my-secret-garden.fr\/test\/wp-json\/wp\/v2\/pages"}],"about":[{"href":"https:\/\/my-secret-garden.fr\/test\/wp-json\/wp\/v2\/types\/page"}],"author":[{"embeddable":true,"href":"https:\/\/my-secret-garden.fr\/test\/wp-json\/wp\/v2\/users\/1"}],"replies":[{"embeddable":true,"href":"https:\/\/my-secret-garden.fr\/test\/wp-json\/wp\/v2\/comments?post=89"}],"version-history":[{"count":14,"href":"https:\/\/my-secret-garden.fr\/test\/wp-json\/wp\/v2\/pages\/89\/revisions"}],"predecessor-version":[{"id":766,"href":"https:\/\/my-secret-garden.fr\/test\/wp-json\/wp\/v2\/pages\/89\/revisions\/766"}],"wp:attachment":[{"href":"https:\/\/my-secret-garden.fr\/test\/wp-json\/wp\/v2\/media?parent=89"}],"curies":[{"name":"wp","href":"https:\/\/api.w.org\/{rel}","templated":true}]}}